{"id":7,"date":"2021-01-13T00:05:50","date_gmt":"2021-01-13T00:05:50","guid":{"rendered":"https:\/\/reml.live\/?page_id=7"},"modified":"2021-10-25T20:29:35","modified_gmt":"2021-10-25T20:29:35","slug":"homepage","status":"publish","type":"page","link":"https:\/\/javierpoves.reml.live\/en\/","title":{"rendered":"Confederaci\u00f3n REML"},"content":{"rendered":"<div style=\"background-color:#000000;padding-left:8%;padding-right:8%;padding-bottom:30%;padding-top:30%\" class=\"wp-block-genesis-blocks-gb-container narrow-content light-text gb-block-container alignfull\"><div class=\"gb-container-inside\"><div class=\"gb-container-image-wrap\"><img class=\"gb-container-image has-background-dim-20 has-background-dim\" src=\"https:\/\/javierpoves.reml.live\/wp-content\/themes\/monochrome-pro\/config\/import\/images\/law-firm\/law-firm-background-1.jpg\" alt=\"\"\/><\/div><div class=\"gb-container-content\" style=\"max-width:1200px\">\n<h1 class=\"has-text-align-left bold-heading-text fade-in-up\">R.E.M.L.<\/h1>\n\n\n\n<h1 class=\"fade-in-up\">WEB INSTITUCIONAL<br>DE CONFEDERACIONES.<\/h1>\n\n\n\n<p class=\"fade-in-up has-text-color has-small-font-size\" style=\"color:#ffffff\"><strong><strong>Confederaci\u00f3n de Republicas Errantes Menda Lerenda<\/strong><\/strong>.<\/p>\n<\/div><\/div><\/div>\n\n\n\n<div style=\"padding-left:8%;padding-right:8%;padding-bottom:10%;padding-top:10%\" class=\"wp-block-genesis-blocks-gb-container gb-block-container alignfull\"><div class=\"gb-container-inside\"><div class=\"gb-container-content\" style=\"max-width:1200px\">\n<h2 class=\"bold-text fade-in-up\">Edictos P\u00fablicos.<\/h2>\n\n\n\n<p class=\"fade-in-up\">Our simple approach to defending clients just works.<\/p>\n\n\n\n<hr class=\"wp-block-separator is-style-default fade-in-up\"\/>\n\n\n<section class=\"gb-block-post-grid featuredpost aligncenter\"><div class=\"gb-post-grid-items is-grid columns-2\"><article id=\"post-444\" class=\"gb-post-grid-item post-444 post type-post status-publish format-standard has-post-thumbnail category-avisos-legales category-blog category-constitucion category-denuncias category-edictos category-historia-del-fraude category-noticias category-relaciones-exteriores category-seccion-1 category-seccion-2 category-seccion-3 entry\"><div class=\"gb-block-post-grid-image\"><a href=\"https:\/\/javierpoves.reml.live\/en\/entrada-de-ejemplo\/\" rel=\"bookmark\" aria-hidden=\"true\" tabindex=\"-1\"><img width=\"600\" height=\"338\" src=\"https:\/\/javierpoves.reml.live\/wp-content\/uploads\/2021\/01\/law-firm-sample-4-600x338-1.jpg\" class=\"attachment-full size-full\" alt=\"\" loading=\"lazy\" \/><\/a><\/div><div class=\"gb-block-post-grid-text\"><header class=\"gb-block-post-grid-header\"><h3 class=\"gb-block-post-grid-title\"><a href=\"https:\/\/javierpoves.reml.live\/en\/entrada-de-ejemplo\/\" rel=\"bookmark\">Entrada de ejemplo<\/a><\/h3><div class=\"gb-block-post-grid-byline\"><div class=\"gb-block-post-grid-author\" itemprop=\"author\" itemtype=\"https:\/\/schema.org\/Person\"><a class=\"gb-text-link\" href=\"https:\/\/javierpoves.reml.live\/en\/author\/remllive\/\" itemprop=\"url\" rel=\"author\"><span itemprop=\"name\">reml.live<\/span><\/a><\/div><time datetime=\"2021-03-02T11:17:04+00:00\" class=\"gb-block-post-grid-date\" itemprop=\"datePublished\">March 2, 2021<\/time><\/div><\/header><div class=\"gb-block-post-grid-excerpt\"><p>Esto es una entrada de ejemplo que aparecer\u00e1 en todas las categor\u00edas donde a\u00fan no hay contenido.<\/p>\n<\/div><\/div><\/article>\n<\/div><\/section>\n\n\n<div style=\"height:65px\" aria-hidden=\"true\" class=\"wp-block-spacer\"><\/div>\n<\/div><\/div><\/div>\n\n\n\n<p><\/p>","protected":false},"excerpt":{"rendered":"","protected":false},"author":1,"featured_media":0,"parent":0,"menu_order":0,"comment_status":"closed","ping_status":"closed","template":"","meta":{"_genesis_hide_title":true,"_genesis_hide_breadcrumbs":true,"_genesis_hide_singular_image":true,"_genesis_hide_footer_widgets":false,"_genesis_custom_body_class":"","_genesis_custom_post_class":"","_genesis_layout":"full-width-content"},"featured_image_src":null,"featured_image_src_square":null,"_links":{"self":[{"href":"https:\/\/javierpoves.reml.live\/en\/wp-json\/wp\/v2\/pages\/7"}],"collection":[{"href":"https:\/\/javierpoves.reml.live\/en\/wp-json\/wp\/v2\/pages"}],"about":[{"href":"https:\/\/javierpoves.reml.live\/en\/wp-json\/wp\/v2\/types\/page"}],"author":[{"embeddable":true,"href":"https:\/\/javierpoves.reml.live\/en\/wp-json\/wp\/v2\/users\/1"}],"replies":[{"embeddable":true,"href":"https:\/\/javierpoves.reml.live\/en\/wp-json\/wp\/v2\/comments?post=7"}],"version-history":[{"count":18,"href":"https:\/\/javierpoves.reml.live\/en\/wp-json\/wp\/v2\/pages\/7\/revisions"}],"predecessor-version":[{"id":449,"href":"https:\/\/javierpoves.reml.live\/en\/wp-json\/wp\/v2\/pages\/7\/revisions\/449"}],"wp:attachment":[{"href":"https:\/\/javierpoves.reml.live\/en\/wp-json\/wp\/v2\/media?parent=7"}],"curies":[{"name":"wp","href":"https:\/\/api.w.org\/{rel}","templated":true}]}}